{"id":7,"date":"2025-11-15T11:04:01","date_gmt":"2025-11-15T14:04:01","guid":{"rendered":"https:\/\/cartaounivida.com.br\/?page_id=7"},"modified":"2025-11-17T17:16:47","modified_gmt":"2025-11-17T20:16:47","slug":"em-construcao","status":"publish","type":"page","link":"https:\/\/cartaounivida.com.br\/","title":{"rendered":"Em constru\u00e7\u00e3o"},"content":{"rendered":"\t\t<div data-elementor-type=\"wp-page\" data-elementor-id=\"7\" class=\"elementor elementor-7\" data-elementor-post-type=\"page\">\n\t\t\t\t<div class=\"elementor-element elementor-element-d3acc2f e-flex e-con-boxed e-con e-parent\" data-id=\"d3acc2f\" data-element_type=\"container\" data-settings=\"{&quot;background_background&quot;:&quot;gradient&quot;}\">\n\t\t\t\t\t<div class=\"e-con-inner\">\n\t\t<div class=\"elementor-element elementor-element-c662387 e-con-full e-flex e-con e-child\" data-id=\"c662387\" data-element_type=\"container\">\n\t\t<div class=\"elementor-element elementor-element-142deab e-con-full e-flex e-con e-child\" data-id=\"142deab\" data-element_type=\"container\">\n\t\t\t\t<div class=\"elementor-element elementor-element-0b60629 elementor-absolute elementor-hidden-tablet elementor-hidden-mobile elementor-widget elementor-widget-image\" data-id=\"0b60629\" data-element_type=\"widget\" data-settings=\"{&quot;_position&quot;:&quot;absolute&quot;}\" data-widget_type=\"image.default\">\n\t\t\t\t<div class=\"elementor-widget-container\">\n\t\t\t\t\t\t\t\t\t\t\t\t\t\t\t<img decoding=\"async\" width=\"318\" height=\"32\" src=\"https:\/\/cartaounivida.com.br\/wp-content\/uploads\/2025\/11\/elemento-visual-3.png\" class=\"attachment-full size-full wp-image-36\" alt=\"\" srcset=\"https:\/\/cartaounivida.com.br\/wp-content\/uploads\/2025\/11\/elemento-visual-3.png 318w, https:\/\/cartaounivida.com.br\/wp-content\/uploads\/2025\/11\/elemento-visual-3-300x30.png 300w\" sizes=\"(max-width: 318px) 100vw, 318px\" \/>\t\t\t\t\t\t\t\t\t\t\t\t\t\t\t<\/div>\n\t\t\t\t<\/div>\n\t\t\t\t<div class=\"elementor-element elementor-element-8b1db78 elementor-absolute elementor-hidden-tablet elementor-hidden-mobile elementor-widget elementor-widget-image\" data-id=\"8b1db78\" data-element_type=\"widget\" data-settings=\"{&quot;_position&quot;:&quot;absolute&quot;}\" data-widget_type=\"image.default\">\n\t\t\t\t<div class=\"elementor-widget-container\">\n\t\t\t\t\t\t\t\t\t\t\t\t\t\t\t<img fetchpriority=\"high\" decoding=\"async\" width=\"266\" height=\"266\" src=\"https:\/\/cartaounivida.com.br\/wp-content\/uploads\/2025\/11\/elemento-visual-1.png\" class=\"attachment-full size-full wp-image-34\" alt=\"\" srcset=\"https:\/\/cartaounivida.com.br\/wp-content\/uploads\/2025\/11\/elemento-visual-1.png 266w, https:\/\/cartaounivida.com.br\/wp-content\/uploads\/2025\/11\/elemento-visual-1-150x150.png 150w\" sizes=\"(max-width: 266px) 100vw, 266px\" \/>\t\t\t\t\t\t\t\t\t\t\t\t\t\t\t<\/div>\n\t\t\t\t<\/div>\n\t\t\t\t<div class=\"elementor-element elementor-element-b2b0c14 elementor-widget elementor-widget-image\" data-id=\"b2b0c14\" data-element_type=\"widget\" data-widget_type=\"image.default\">\n\t\t\t\t<div class=\"elementor-widget-container\">\n\t\t\t\t\t\t\t\t\t\t\t\t\t\t\t<img decoding=\"async\" width=\"915\" height=\"678\" src=\"https:\/\/cartaounivida.com.br\/wp-content\/uploads\/2025\/11\/imagem.png\" class=\"attachment-full size-full wp-image-17\" alt=\"\" srcset=\"https:\/\/cartaounivida.com.br\/wp-content\/uploads\/2025\/11\/imagem.png 915w, https:\/\/cartaounivida.com.br\/wp-content\/uploads\/2025\/11\/imagem-300x222.png 300w, https:\/\/cartaounivida.com.br\/wp-content\/uploads\/2025\/11\/imagem-768x569.png 768w\" sizes=\"(max-width: 915px) 100vw, 915px\" \/>\t\t\t\t\t\t\t\t\t\t\t\t\t\t\t<\/div>\n\t\t\t\t<\/div>\n\t\t\t\t<\/div>\n\t\t<div class=\"elementor-element elementor-element-f9a059b e-con-full e-flex e-con e-child\" data-id=\"f9a059b\" data-element_type=\"container\" data-settings=\"{&quot;background_background&quot;:&quot;classic&quot;}\">\n\t\t\t\t<div class=\"elementor-element elementor-element-1e66fb9 elementor-widget elementor-widget-heading\" data-id=\"1e66fb9\" data-element_type=\"widget\" data-widget_type=\"heading.default\">\n\t\t\t\t<div class=\"elementor-widget-container\">\n\t\t\t\t\t<h2 class=\"elementor-heading-title elementor-size-default\">A UNIVIDA EST\u00c1 CHEGANDO EM LEN\u00c7\u00d3IS PAULISTA.<\/h2>\t\t\t\t<\/div>\n\t\t\t\t<\/div>\n\t\t\t\t<div class=\"elementor-element elementor-element-32ae10d elementor-widget elementor-widget-heading\" data-id=\"32ae10d\" data-element_type=\"widget\" data-widget_type=\"heading.default\">\n\t\t\t\t<div class=\"elementor-widget-container\">\n\t\t\t\t\t<h2 class=\"elementor-heading-title elementor-size-default\">Mais sa\u00fade, mais vida, todo dia.<\/h2>\t\t\t\t<\/div>\n\t\t\t\t<\/div>\n\t\t\t\t<div class=\"elementor-element elementor-element-35a8eda elementor-widget elementor-widget-heading\" data-id=\"35a8eda\" data-element_type=\"widget\" data-widget_type=\"heading.default\">\n\t\t\t\t<div class=\"elementor-widget-container\">\n\t\t\t\t\t<h2 class=\"elementor-heading-title elementor-size-default\">Em breve, um cart\u00e3o de benef\u00edcios que conecta voc\u00ea e sua fam\u00edlia a m\u00e9dicos, dentistas, psic\u00f3logos, exames, academias e muito mais \u2014 com descontos reais e sem burocracia.<\/h2>\t\t\t\t<\/div>\n\t\t\t\t<\/div>\n\t\t<div class=\"elementor-element elementor-element-9232798 e-con-full e-flex e-con e-child\" data-id=\"9232798\" data-element_type=\"container\" data-settings=\"{&quot;background_background&quot;:&quot;classic&quot;}\">\n\t\t\t\t<div class=\"elementor-element elementor-element-be78c99 elementor-widget elementor-widget-heading\" data-id=\"be78c99\" data-element_type=\"widget\" data-widget_type=\"heading.default\">\n\t\t\t\t<div class=\"elementor-widget-container\">\n\t\t\t\t\t<h2 class=\"elementor-heading-title elementor-size-default\">Aguarde, novidades em breve!<\/h2>\t\t\t\t<\/div>\n\t\t\t\t<\/div>\n\t\t\t\t<\/div>\n\t\t<div class=\"elementor-element elementor-element-00efdbd e-con-full e-flex e-con e-child\" data-id=\"00efdbd\" data-element_type=\"container\">\n\t\t\t\t<div class=\"elementor-element elementor-element-311f0d5 elementor-widget elementor-widget-image\" data-id=\"311f0d5\" data-element_type=\"widget\" data-widget_type=\"image.default\">\n\t\t\t\t<div class=\"elementor-widget-container\">\n\t\t\t\t\t\t\t\t\t\t\t\t\t\t\t<img loading=\"lazy\" decoding=\"async\" width=\"224\" height=\"63\" src=\"https:\/\/cartaounivida.com.br\/wp-content\/uploads\/2025\/11\/logo-branca.png\" class=\"attachment-full size-full wp-image-18\" alt=\"\" \/>\t\t\t\t\t\t\t\t\t\t\t\t\t\t\t<\/div>\n\t\t\t\t<\/div>\n\t\t\t\t<\/div>\n\t\t\t\t<div class=\"elementor-element elementor-element-0d58a9c elementor-absolute elementor-hidden-tablet elementor-hidden-mobile elementor-widget elementor-widget-image\" data-id=\"0d58a9c\" data-element_type=\"widget\" data-settings=\"{&quot;_position&quot;:&quot;absolute&quot;}\" data-widget_type=\"image.default\">\n\t\t\t\t<div class=\"elementor-widget-container\">\n\t\t\t\t\t\t\t\t\t\t\t\t\t\t\t<img loading=\"lazy\" decoding=\"async\" width=\"186\" height=\"186\" src=\"https:\/\/cartaounivida.com.br\/wp-content\/uploads\/2025\/11\/elemento-visual-2.png\" class=\"attachment-full size-full wp-image-35\" alt=\"\" srcset=\"https:\/\/cartaounivida.com.br\/wp-content\/uploads\/2025\/11\/elemento-visual-2.png 186w, https:\/\/cartaounivida.com.br\/wp-content\/uploads\/2025\/11\/elemento-visual-2-150x150.png 150w\" sizes=\"(max-width: 186px) 100vw, 186px\" \/>\t\t\t\t\t\t\t\t\t\t\t\t\t\t\t<\/div>\n\t\t\t\t<\/div>\n\t\t\t\t<\/div>\n\t\t\t\t<\/div>\n\t\t\t\t\t<\/div>\n\t\t\t\t<\/div>\n\t\t\t\t<\/div>\n\t\t","protected":false},"excerpt":{"rendered":"<p>A UNIVIDA EST\u00c1 CHEGANDO EM LEN\u00c7\u00d3IS PAULISTA. Mais sa\u00fade, mais vida, todo dia. Em breve, um cart\u00e3o de benef\u00edcios que conecta voc\u00ea e sua fam\u00edlia a m\u00e9dicos, dentistas, psic\u00f3logos, exames, academias e muito mais \u2014 com descontos reais e sem burocracia. Aguarde, novidades em breve!<\/p>\n","protected":false},"author":1,"featured_media":0,"parent":0,"menu_order":0,"comment_status":"closed","ping_status":"closed","template":"elementor_canvas","meta":{"footnotes":""},"class_list":["post-7","page","type-page","status-publish","hentry"],"_links":{"self":[{"href":"https:\/\/cartaounivida.com.br\/index.php?rest_route=\/wp\/v2\/pages\/7","targetHints":{"allow":["GET"]}}],"collection":[{"href":"https:\/\/cartaounivida.com.br\/index.php?rest_route=\/wp\/v2\/pages"}],"about":[{"href":"https:\/\/cartaounivida.com.br\/index.php?rest_route=\/wp\/v2\/types\/page"}],"author":[{"embeddable":true,"href":"https:\/\/cartaounivida.com.br\/index.php?rest_route=\/wp\/v2\/users\/1"}],"replies":[{"embeddable":true,"href":"https:\/\/cartaounivida.com.br\/index.php?rest_route=%2Fwp%2Fv2%2Fcomments&post=7"}],"version-history":[{"count":37,"href":"https:\/\/cartaounivida.com.br\/index.php?rest_route=\/wp\/v2\/pages\/7\/revisions"}],"predecessor-version":[{"id":55,"href":"https:\/\/cartaounivida.com.br\/index.php?rest_route=\/wp\/v2\/pages\/7\/revisions\/55"}],"wp:attachment":[{"href":"https:\/\/cartaounivida.com.br\/index.php?rest_route=%2Fwp%2Fv2%2Fmedia&parent=7"}],"curies":[{"name":"wp","href":"https:\/\/api.w.org\/{rel}","templated":true}]}}